{"id":43233,"date":"2021-11-20T05:26:18","date_gmt":"2021-11-20T05:26:18","guid":{"rendered":"https:\/\/gedeninc.com\/shop\/shikai-everyday-shampoo-1x12-oz\/"},"modified":"2022-06-13T16:24:09","modified_gmt":"2022-06-13T16:24:09","slug":"shikai-everyday-shampoo-1x12-oz","status":"publish","type":"product","link":"https:\/\/gedeninc.com\/index.php\/product\/shikai-everyday-shampoo-1x12-oz\/","title":{"rendered":"Shikai Everyday Shampoo (1&#215;12 Oz)"},"content":{"rendered":"<p>Save  On Shikai Products 1X 12 Oz Everyday Shampoo For Over 25 Years We Have Used This Very Special Botanical Extract, Obtained From The Fruit Of An East Asian Acacia Tree.\u00e6 This Extract Provides Rich, Dense, Natural Lather That Is Gentle, Noticeably Different, And Delivers Beautiful, Shiny\u00e6Results.\u00e6<\/p>\n","protected":false},"excerpt":{"rendered":"<p>Save On Shikai Products 1X 12 Oz Everyday Shampoo For Over 25 Years We Have Used This Very Special Botanical Extract, Obtained From The Fruit Of An East Asian Acacia Tree.\u00e6 This Extract Provides Rich, Dense, Natural Lather That Is Gentle, Noticeably Different, And Delivers Beautiful, Shiny\u00e6Results.\u00e6<\/p>\n","protected":false},"featured_media":0,"comment_status":"open","ping_status":"closed","template":"","meta":{"_coblocks_attr":"","_coblocks_dimensions":"","_coblocks_responsive_height":"","_coblocks_accordion_ie_support":""},"product_cat":[13019,13025],"product_tag":[],"class_list":["post-43233","product","type-product","status-publish","hentry","product_cat-beauty","product_cat-hair-care-beauty"],"_links":{"self":[{"href":"https:\/\/gedeninc.com\/index.php\/wp-json\/wp\/v3\/product\/43233","targetHints":{"allow":["GET"]}}],"collection":[{"href":"https:\/\/gedeninc.com\/index.php\/wp-json\/wp\/v3\/product"}],"about":[{"href":"https:\/\/gedeninc.com\/index.php\/wp-json\/wp\/v2\/types\/product"}],"replies":[{"embeddable":true,"href":"https:\/\/gedeninc.com\/index.php\/wp-json\/wp\/v2\/comments?post=43233"}],"wp:attachment":[{"href":"https:\/\/gedeninc.com\/index.php\/wp-json\/wp\/v2\/media?parent=43233"}],"wp:term":[{"taxonomy":"product_cat","embeddable":true,"href":"https:\/\/gedeninc.com\/index.php\/wp-json\/wp\/v2\/product_cat?post=43233"},{"taxonomy":"product_tag","embeddable":true,"href":"https:\/\/gedeninc.com\/index.php\/wp-json\/wp\/v2\/product_tag?post=43233"}],"curies":[{"name":"wp","href":"https:\/\/api.w.org\/{rel}","templated":true}]}}