{"id":44453,"date":"2021-11-20T05:54:32","date_gmt":"2021-11-20T05:54:32","guid":{"rendered":"https:\/\/gedeninc.com\/shop\/weleda-face-evening-primrose-revitalising-night-cream-1x1-oz\/"},"modified":"2022-06-13T16:25:30","modified_gmt":"2022-06-13T16:25:30","slug":"weleda-face-evening-primrose-revitalising-night-cream-1x1-oz","status":"publish","type":"product","link":"https:\/\/gedeninc.com\/index.php\/product\/weleda-face-evening-primrose-revitalising-night-cream-1x1-oz\/","title":{"rendered":"Weleda Face Evening Primrose Revitalising Night Cream (1&#215;1 Oz)"},"content":{"rendered":"<p>A highly effective formula that utilizes Weleda\u00cds holistic way of looking at plants and nature and 93-years\u00cd of skincare knowledge to support the skin\u00cds restorative process throughout the night.This revitalizing cream contains vitamin E-rich wheat germ oil and inca nut oil to provide antioxidant protection against skin-damaging free radicals. Gotu-kola extract, known to increase collagen production, provides support to the skin\u00cds structure and results in a firmer-looking appearance. Nourishing plant, nut and seed oils, supercharged with essential fatty and omega acids, help to restore skin\u00cds moisture barrier overnight.Awaken to deeply nourished, plumper-looking skin with improved tone and firmness. For best results, use with Age Revitalizing Day Cream and Age Revitalizing Eye &amp; Lip Cream.<\/p>\n","protected":false},"excerpt":{"rendered":"<p>A highly effective formula that utilizes Weleda\u00cds holistic way of looking at plants and nature and 93-years\u00cd of skincare knowledge to support the skin\u00cds restorative process throughout the night.This revitalizing cream contains vitamin E-rich wheat germ oil and inca nut oil to provide antioxidant protection against skin-damaging free radicals. Gotu-kola extract, known to increase collagen [&hellip;]<\/p>\n","protected":false},"featured_media":0,"comment_status":"open","ping_status":"closed","template":"","meta":{"_coblocks_attr":"","_coblocks_dimensions":"","_coblocks_responsive_height":"","_coblocks_accordion_ie_support":""},"product_cat":[13019,13030],"product_tag":[],"class_list":["post-44453","product","type-product","status-publish","hentry","product_cat-beauty","product_cat-facial-care-beauty"],"_links":{"self":[{"href":"https:\/\/gedeninc.com\/index.php\/wp-json\/wp\/v3\/product\/44453","targetHints":{"allow":["GET"]}}],"collection":[{"href":"https:\/\/gedeninc.com\/index.php\/wp-json\/wp\/v3\/product"}],"about":[{"href":"https:\/\/gedeninc.com\/index.php\/wp-json\/wp\/v2\/types\/product"}],"replies":[{"embeddable":true,"href":"https:\/\/gedeninc.com\/index.php\/wp-json\/wp\/v2\/comments?post=44453"}],"wp:attachment":[{"href":"https:\/\/gedeninc.com\/index.php\/wp-json\/wp\/v2\/media?parent=44453"}],"wp:term":[{"taxonomy":"product_cat","embeddable":true,"href":"https:\/\/gedeninc.com\/index.php\/wp-json\/wp\/v2\/product_cat?post=44453"},{"taxonomy":"product_tag","embeddable":true,"href":"https:\/\/gedeninc.com\/index.php\/wp-json\/wp\/v2\/product_tag?post=44453"}],"curies":[{"name":"wp","href":"https:\/\/api.w.org\/{rel}","templated":true}]}}