{"id":44459,"date":"2021-11-20T05:54:39","date_gmt":"2021-11-20T05:54:39","guid":{"rendered":"https:\/\/gedeninc.com\/shop\/weleda-evening-primose-day-cream-1x1-oz\/"},"modified":"2022-06-13T16:25:31","modified_gmt":"2022-06-13T16:25:31","slug":"weleda-evening-primose-day-cream-1x1-oz","status":"publish","type":"product","link":"https:\/\/gedeninc.com\/index.php\/product\/weleda-evening-primose-day-cream-1x1-oz\/","title":{"rendered":"Weleda Evening Primose Day Cream (1&#215;1 Oz)"},"content":{"rendered":"<p>Age Revitalizing Day Cream is formulated especially to revitalize mature skin. Antioxidant-rich and intensely hydrating, it protects skin against environmental stressors, plumps to reduce the appearance of wrinkles and stimulates skin\u00cds vital functions.The formula is rich in evening primrose oil, high in essential fatty acids, which helps protect the skin\u00cds moisture barrier. Gotu-kola extract, known to increase collagen production, provides support to the skin\u00cds structure. It\u00cds also enhanced with inca nut oil, noted for its high vitamin E content that helps to promote skin renewal.Packed with additional skin-nourishing and restoring ingredients, this elegant day cream will leave skin radiant, firm and smooth. For best results, use with the Age Revitalizing Eye &amp; Lip Cream and Age Revitalizing Night Cream.<\/p>\n","protected":false},"excerpt":{"rendered":"<p>Age Revitalizing Day Cream is formulated especially to revitalize mature skin. Antioxidant-rich and intensely hydrating, it protects skin against environmental stressors, plumps to reduce the appearance of wrinkles and stimulates skin\u00cds vital functions.The formula is rich in evening primrose oil, high in essential fatty acids, which helps protect the skin\u00cds moisture barrier. Gotu-kola extract, known [&hellip;]<\/p>\n","protected":false},"featured_media":0,"comment_status":"open","ping_status":"closed","template":"","meta":{"_coblocks_attr":"","_coblocks_dimensions":"","_coblocks_responsive_height":"","_coblocks_accordion_ie_support":""},"product_cat":[13019,13030],"product_tag":[],"class_list":["post-44459","product","type-product","status-publish","hentry","product_cat-beauty","product_cat-facial-care-beauty"],"_links":{"self":[{"href":"https:\/\/gedeninc.com\/index.php\/wp-json\/wp\/v3\/product\/44459","targetHints":{"allow":["GET"]}}],"collection":[{"href":"https:\/\/gedeninc.com\/index.php\/wp-json\/wp\/v3\/product"}],"about":[{"href":"https:\/\/gedeninc.com\/index.php\/wp-json\/wp\/v2\/types\/product"}],"replies":[{"embeddable":true,"href":"https:\/\/gedeninc.com\/index.php\/wp-json\/wp\/v2\/comments?post=44459"}],"wp:attachment":[{"href":"https:\/\/gedeninc.com\/index.php\/wp-json\/wp\/v2\/media?parent=44459"}],"wp:term":[{"taxonomy":"product_cat","embeddable":true,"href":"https:\/\/gedeninc.com\/index.php\/wp-json\/wp\/v2\/product_cat?post=44459"},{"taxonomy":"product_tag","embeddable":true,"href":"https:\/\/gedeninc.com\/index.php\/wp-json\/wp\/v2\/product_tag?post=44459"}],"curies":[{"name":"wp","href":"https:\/\/api.w.org\/{rel}","templated":true}]}}