{"id":49569,"date":"2021-11-20T08:06:56","date_gmt":"2021-11-20T08:06:56","guid":{"rendered":"https:\/\/gedeninc.com\/shop\/spry-gems-cinnamon-mints-6x40-ct\/"},"modified":"2021-12-14T08:34:08","modified_gmt":"2021-12-14T08:34:08","slug":"spry-gems-cinnamon-mints-6x40-ct","status":"publish","type":"product","link":"https:\/\/gedeninc.com\/index.php\/product\/spry-gems-cinnamon-mints-6x40-ct\/","title":{"rendered":"Spry Gems Cinnamon Mints (6&#215;40 Ct)"},"content":{"rendered":"<p>Everyone needs a quick, breath-refresher during the day. It\u00cds nice to know that when you put a Spry Gem into your mouth you\u00cdre not only getting a fresh, clean mouth, but you are also helping it be healthier too. Spry Gems are made in the United States with natural ingredients, the most important being xylitol. Xylitol is a natural sweetener, which promotes dental health. Because it doesn\u00cdt allow bacteria to stick to the teeth and oral tissue, the bacteria can\u00cdt flourish. This means they can\u00cdt produce its tooth-damaging acid like it normally would. Spry Gems also have added calcium to help with tooth re-mineralization.<\/p>\n","protected":false},"excerpt":{"rendered":"<p>Everyone needs a quick, breath-refresher during the day. It\u00cds nice to know that when you put a Spry Gem into your mouth you\u00cdre not only getting a fresh, clean mouth, but you are also helping it be healthier too. Spry Gems are made in the United States with natural ingredients, the most important being xylitol. [&hellip;]<\/p>\n","protected":false},"featured_media":49568,"comment_status":"open","ping_status":"closed","template":"","meta":{"_coblocks_attr":"","_coblocks_dimensions":"","_coblocks_responsive_height":"","_coblocks_accordion_ie_support":""},"product_cat":[13019,13028],"product_tag":[],"class_list":["post-49569","product","type-product","status-publish","has-post-thumbnail","hentry","product_cat-beauty","product_cat-oral-hygiene-beauty"],"_links":{"self":[{"href":"https:\/\/gedeninc.com\/index.php\/wp-json\/wp\/v3\/product\/49569","targetHints":{"allow":["GET"]}}],"collection":[{"href":"https:\/\/gedeninc.com\/index.php\/wp-json\/wp\/v3\/product"}],"about":[{"href":"https:\/\/gedeninc.com\/index.php\/wp-json\/wp\/v2\/types\/product"}],"replies":[{"embeddable":true,"href":"https:\/\/gedeninc.com\/index.php\/wp-json\/wp\/v2\/comments?post=49569"}],"wp:featuredmedia":[{"embeddable":true,"href":"https:\/\/gedeninc.com\/index.php\/wp-json\/wp\/v2\/media\/49568"}],"wp:attachment":[{"href":"https:\/\/gedeninc.com\/index.php\/wp-json\/wp\/v2\/media?parent=49569"}],"wp:term":[{"taxonomy":"product_cat","embeddable":true,"href":"https:\/\/gedeninc.com\/index.php\/wp-json\/wp\/v2\/product_cat?post=49569"},{"taxonomy":"product_tag","embeddable":true,"href":"https:\/\/gedeninc.com\/index.php\/wp-json\/wp\/v2\/product_tag?post=49569"}],"curies":[{"name":"wp","href":"https:\/\/api.w.org\/{rel}","templated":true}]}}