{"id":52879,"date":"2021-11-20T09:39:53","date_gmt":"2021-11-20T09:39:53","guid":{"rendered":"https:\/\/gedeninc.com\/shop\/one-with-nature-o-w-n-dead-sea-mineral-soap-goats-milk-lavender-6x4-oz\/"},"modified":"2022-06-13T16:36:21","modified_gmt":"2022-06-13T16:36:21","slug":"one-with-nature-o-w-n-dead-sea-mineral-soap-goats-milk-lavender-6x4-oz","status":"publish","type":"product","link":"https:\/\/gedeninc.com\/index.php\/product\/one-with-nature-o-w-n-dead-sea-mineral-soap-goats-milk-lavender-6x4-oz\/","title":{"rendered":"One With Nature O.w.n. Dead Sea Mineral Soap, Goat&#8217;s Milk &amp; Lavender (6&#215;4 Oz)"},"content":{"rendered":"<p>The Dead Sea\u00cds rich mineral salts deeply cleanse and tone while restoring the skin\u00cds natural pH. This unique soap combines pure Dead Sea salt, goat\u00cds milk,  argan oil, shea butter and essential oils in a natural vegetable base. Triple milled* right at the source \u201e The Dead Sea. Absolutely nothing artificial. Pure white moisturizing soaps scented with soothing lavender essential oil. 6 pack of shrink wrapped soaps with tear-off top for display or easy storage.<\/p>\n","protected":false},"excerpt":{"rendered":"<p>The Dead Sea\u00cds rich mineral salts deeply cleanse and tone while restoring the skin\u00cds natural pH. This unique soap combines pure Dead Sea salt, goat\u00cds milk, argan oil, shea butter and essential oils in a natural vegetable base. Triple milled* right at the source \u201e The Dead Sea. Absolutely nothing artificial. Pure white moisturizing soaps [&hellip;]<\/p>\n","protected":false},"featured_media":52878,"comment_status":"open","ping_status":"closed","template":"","meta":{"_coblocks_attr":"","_coblocks_dimensions":"","_coblocks_responsive_height":"","_coblocks_accordion_ie_support":""},"product_cat":[13035,13019],"product_tag":[],"class_list":["post-52879","product","type-product","status-publish","has-post-thumbnail","hentry","product_cat-bar-soap-beauty","product_cat-beauty"],"_links":{"self":[{"href":"https:\/\/gedeninc.com\/index.php\/wp-json\/wp\/v3\/product\/52879","targetHints":{"allow":["GET"]}}],"collection":[{"href":"https:\/\/gedeninc.com\/index.php\/wp-json\/wp\/v3\/product"}],"about":[{"href":"https:\/\/gedeninc.com\/index.php\/wp-json\/wp\/v2\/types\/product"}],"replies":[{"embeddable":true,"href":"https:\/\/gedeninc.com\/index.php\/wp-json\/wp\/v2\/comments?post=52879"}],"wp:featuredmedia":[{"embeddable":true,"href":"https:\/\/gedeninc.com\/index.php\/wp-json\/wp\/v2\/media\/52878"}],"wp:attachment":[{"href":"https:\/\/gedeninc.com\/index.php\/wp-json\/wp\/v2\/media?parent=52879"}],"wp:term":[{"taxonomy":"product_cat","embeddable":true,"href":"https:\/\/gedeninc.com\/index.php\/wp-json\/wp\/v2\/product_cat?post=52879"},{"taxonomy":"product_tag","embeddable":true,"href":"https:\/\/gedeninc.com\/index.php\/wp-json\/wp\/v2\/product_tag?post=52879"}],"curies":[{"name":"wp","href":"https:\/\/api.w.org\/{rel}","templated":true}]}}