{"id":54542,"date":"2021-12-14T08:11:24","date_gmt":"2021-12-14T08:11:24","guid":{"rendered":"https:\/\/gedeninc.com\/shop\/shikai-yuzu-fruit-shower-gel-1x12-oz\/"},"modified":"2023-07-20T03:54:46","modified_gmt":"2023-07-20T03:54:46","slug":"shikai-yuzu-fruit-shower-gel-1x12-oz","status":"publish","type":"product","link":"https:\/\/gedeninc.com\/index.php\/product\/shikai-yuzu-fruit-shower-gel-1x12-oz\/","title":{"rendered":"Shikai Yuzu Fruit Shower Gel (1&#215;12 Oz)"},"content":{"rendered":"<p>Save  On Shikai Products 1X 12 Oz Yuzu Fruit Shower Gel <Br><Br>The Secret Is A Combination Of Colloidal Oatmeal Blended With Pure Aloe Vera Gel.\u0152\u00e6 These Natural Ingredients Bring Relief To Dry, Itchy Skin And Leave Rough, Chapped Areas Smooth And Soft.\u0152\u00e6 :   <Br><Br><\/p>\n","protected":false},"excerpt":{"rendered":"<p>Save On Shikai Products 1X 12 Oz Yuzu Fruit Shower Gel The Secret Is A Combination Of Colloidal Oatmeal Blended With Pure Aloe Vera Gel.\u0152\u00e6 These Natural Ingredients Bring Relief To Dry, Itchy Skin And Leave Rough, Chapped Areas Smooth And Soft.\u0152\u00e6 :<\/p>\n","protected":false},"featured_media":54541,"comment_status":"open","ping_status":"closed","template":"","meta":{"_coblocks_attr":"","_coblocks_dimensions":"","_coblocks_responsive_height":"","_coblocks_accordion_ie_support":""},"product_cat":[13041,13019],"product_tag":[],"class_list":["post-54542","product","type-product","status-publish","has-post-thumbnail","hentry","product_cat-bath-shower-beauty","product_cat-beauty"],"_links":{"self":[{"href":"https:\/\/gedeninc.com\/index.php\/wp-json\/wp\/v3\/product\/54542","targetHints":{"allow":["GET"]}}],"collection":[{"href":"https:\/\/gedeninc.com\/index.php\/wp-json\/wp\/v3\/product"}],"about":[{"href":"https:\/\/gedeninc.com\/index.php\/wp-json\/wp\/v2\/types\/product"}],"replies":[{"embeddable":true,"href":"https:\/\/gedeninc.com\/index.php\/wp-json\/wp\/v2\/comments?post=54542"}],"wp:featuredmedia":[{"embeddable":true,"href":"https:\/\/gedeninc.com\/index.php\/wp-json\/wp\/v2\/media\/54541"}],"wp:attachment":[{"href":"https:\/\/gedeninc.com\/index.php\/wp-json\/wp\/v2\/media?parent=54542"}],"wp:term":[{"taxonomy":"product_cat","embeddable":true,"href":"https:\/\/gedeninc.com\/index.php\/wp-json\/wp\/v2\/product_cat?post=54542"},{"taxonomy":"product_tag","embeddable":true,"href":"https:\/\/gedeninc.com\/index.php\/wp-json\/wp\/v2\/product_tag?post=54542"}],"curies":[{"name":"wp","href":"https:\/\/api.w.org\/{rel}","templated":true}]}}