{"id":55832,"date":"2021-12-14T08:46:18","date_gmt":"2021-12-14T08:46:18","guid":{"rendered":"https:\/\/gedeninc.com\/shop\/nicks-sticks-spicy-free-range-turkey-snack-sticks-25x1-7-oz\/"},"modified":"2025-04-28T22:29:30","modified_gmt":"2025-04-28T22:29:30","slug":"nicks-sticks-spicy-free-range-turkey-snack-sticks-25x1-7-oz","status":"publish","type":"product","link":"https:\/\/gedeninc.com\/index.php\/product\/nicks-sticks-spicy-free-range-turkey-snack-sticks-25x1-7-oz\/","title":{"rendered":"Nick&#8217;s Sticks Spicy Free Range Turkey Snack Sticks (25&#215;1.7 Oz)"},"content":{"rendered":"<p>Hey\u201ewho are you calling \u00f1turkey\u00ee? Oh right, us. And we\u00cdre proud of it too. Why? Because our turkey sticks are made from only the highest quality free-range turkeys from our network of family farms. That means not only are these low-fat sticks free of hormones, MSG, antibiotics, and dyes, they also taste like old-fashioned Midwest family-farm pride.<\/p>\n","protected":false},"excerpt":{"rendered":"<p>Hey\u201ewho are you calling \u00f1turkey\u00ee? Oh right, us. And we\u00cdre proud of it too. Why? Because our turkey sticks are made from only the highest quality free-range turkeys from our network of family farms. That means not only are these low-fat sticks free of hormones, MSG, antibiotics, and dyes, they also taste like old-fashioned Midwest [&hellip;]<\/p>\n","protected":false},"featured_media":55831,"comment_status":"open","ping_status":"closed","template":"","meta":{"_coblocks_attr":"","_coblocks_dimensions":"","_coblocks_responsive_height":"","_coblocks_accordion_ie_support":""},"product_cat":[12276,2324],"product_tag":[],"class_list":["post-55832","product","type-product","status-publish","has-post-thumbnail","hentry","product_cat-a-taste-of-thai","product_cat-jerky"],"_links":{"self":[{"href":"https:\/\/gedeninc.com\/index.php\/wp-json\/wp\/v3\/product\/55832","targetHints":{"allow":["GET"]}}],"collection":[{"href":"https:\/\/gedeninc.com\/index.php\/wp-json\/wp\/v3\/product"}],"about":[{"href":"https:\/\/gedeninc.com\/index.php\/wp-json\/wp\/v2\/types\/product"}],"replies":[{"embeddable":true,"href":"https:\/\/gedeninc.com\/index.php\/wp-json\/wp\/v2\/comments?post=55832"}],"wp:featuredmedia":[{"embeddable":true,"href":"https:\/\/gedeninc.com\/index.php\/wp-json\/wp\/v2\/media\/55831"}],"wp:attachment":[{"href":"https:\/\/gedeninc.com\/index.php\/wp-json\/wp\/v2\/media?parent=55832"}],"wp:term":[{"taxonomy":"product_cat","embeddable":true,"href":"https:\/\/gedeninc.com\/index.php\/wp-json\/wp\/v2\/product_cat?post=55832"},{"taxonomy":"product_tag","embeddable":true,"href":"https:\/\/gedeninc.com\/index.php\/wp-json\/wp\/v2\/product_tag?post=55832"}],"curies":[{"name":"wp","href":"https:\/\/api.w.org\/{rel}","templated":true}]}}